{"id":2069,"date":"2025-07-25T12:29:58","date_gmt":"2025-07-25T12:29:58","guid":{"rendered":"https:\/\/smrekovit.local\/product\/smrekovo-mazilo-s-hladilnim-ucinkom-smrekovit-ekstra-150-ml\/"},"modified":"2026-04-28T17:10:56","modified_gmt":"2026-04-28T15:10:56","slug":"smrekova-mast-ekstra","status":"publish","type":"product","link":"https:\/\/www.smrekovit.si\/hr\/trgovina\/smrekovo-mazilo-ekstra\/","title":{"rendered":"Smrekovit Extra \u2013 smrekovo mazilo s u\u010dinkom hla\u0111enja"},"content":{"rendered":"<h2 data-start=\"689\" data-end=\"702\">O proizvodu<\/h2>\n<p data-start=\"704\" data-end=\"1091\" class=\"translation-block\">Smrekovit Extra je prirodno smrekovo mazilo s u\u010dinkom hla\u0111enja. Spaja tradicionalne u\u010dinke smole smreke s osvje\u017eavaju\u0107im djelovanjem <strong data-start=\"880\" data-end=\"900\">kamfora i mentola<\/strong>. Od klasi\u010dnog mazila razlikuje se isklju\u010divo dodatkom hladnih sastojaka \u2013 djeluje jednako u\u010dinkovito, ali uz svje\u017einu koju korisnici posebno cijene kod osje\u0107aja napetosti ili umora.<\/p>\n<p data-start=\"1093\" data-end=\"1264\">Mazilo se brzo upija i ostavlja ugodan, hladan osje\u0107aj. Glavni sastojak je smola smreke, koja poti\u010de mikrocirkulaciju ko\u017ee, njezin prirodni obrambeni mehanizam i obnavljanje.<\/p>","protected":false},"excerpt":{"rendered":"<p data-start=\"356\" data-end=\"512\" class=\"translation-block\">Potpuno prirodno mazilo s u\u010dinkom hla\u0111enja koje spaja snagu \n<a href=\"https:\/\/www.smrekovit.si\/hr\/smola-smreke\/\" target=\"_self\">smole smreke<\/a> \nsa svje\u017einom kamfora i mentola. BIO certifikat, prirodan sastav, povratna ambala\u017ea.<\/p>\n<p data-start=\"514\" data-end=\"638\">\u2705 100 % prirodni sastojci<br data-start=\"539\" data-end=\"542\" \/>\u2744 Hladni u\u010dinak kamfora i mentola<br data-start=\"577\" data-end=\"580\" \/>\ud83c\udf43 Organska certifikacija<br data-start=\"597\" data-end=\"600\" \/>\u267b\ufe0f Povratna staklena ambala\u017ea (150 mL)<\/p>","protected":false},"featured_media":5518,"comment_status":"open","ping_status":"closed","template":"","meta":[],"product_brand":[],"product_cat":[19],"product_tag":[],"class_list":{"0":"post-2069","1":"product","2":"type-product","3":"status-publish","4":"has-post-thumbnail","6":"product_cat-mazila","8":"first","9":"instock","10":"taxable","11":"shipping-taxable","12":"purchasable","13":"product-type-simple"},"_links":{"self":[{"href":"https:\/\/www.smrekovit.si\/hr\/wp-json\/wp\/v2\/product\/2069","targetHints":{"allow":["GET"]}}],"collection":[{"href":"https:\/\/www.smrekovit.si\/hr\/wp-json\/wp\/v2\/product"}],"about":[{"href":"https:\/\/www.smrekovit.si\/hr\/wp-json\/wp\/v2\/types\/product"}],"replies":[{"embeddable":true,"href":"https:\/\/www.smrekovit.si\/hr\/wp-json\/wp\/v2\/comments?post=2069"}],"wp:featuredmedia":[{"embeddable":true,"href":"https:\/\/www.smrekovit.si\/hr\/wp-json\/wp\/v2\/media\/5518"}],"wp:attachment":[{"href":"https:\/\/www.smrekovit.si\/hr\/wp-json\/wp\/v2\/media?parent=2069"}],"wp:term":[{"taxonomy":"product_brand","embeddable":true,"href":"https:\/\/www.smrekovit.si\/hr\/wp-json\/wp\/v2\/product_brand?post=2069"},{"taxonomy":"product_cat","embeddable":true,"href":"https:\/\/www.smrekovit.si\/hr\/wp-json\/wp\/v2\/product_cat?post=2069"},{"taxonomy":"product_tag","embeddable":true,"href":"https:\/\/www.smrekovit.si\/hr\/wp-json\/wp\/v2\/product_tag?post=2069"}],"curies":[{"name":"wp","href":"https:\/\/api.w.org\/{rel}","templated":true}]}}