{"id":2067,"date":"2025-07-25T12:29:57","date_gmt":"2025-07-25T12:29:57","guid":{"rendered":"https:\/\/smrekovit.local\/product\/product-7\/"},"modified":"2026-04-23T11:46:21","modified_gmt":"2026-04-23T09:46:21","slug":"smrekova-mast-klasik","status":"publish","type":"product","link":"https:\/\/www.smrekovit.si\/hr\/trgovina\/smrekovo-mazilo-klasik\/","title":{"rendered":"Smrekovit Klasik \u2013 smrekova mast"},"content":{"rendered":"<h2><b>O proizvodu<\/b><\/h2>\n<p><span style=\"font-weight: 400;\">Smrekovit Klasik tradicionalno je smrekovo mazilo koje ru\u010dno proizvodimo od 1990. godine. Temelji se na potpuno prirodnoj masnoj osnovi i sadr\u017ei visok udio smole smreke \u2013 sastojka koji se stolje\u0107ima koristi zbog svojih izvanrednih u\u010dinaka na ko\u017eu. Smrekovo mazilo poti\u010de djelovanje ko\u017ee, pobolj\u0161ava njezinu mikrocirkulaciju i ja\u010da njezin prirodni obrambeni mehanizam.<\/span><\/p>\n<p class=\"translation-block\"><span style=\"font-weight: 400\">Smrekovo mazilo prikladno je za svakodnevnu upotrebu i za masa\u017eu. Naju\u010dinkovitije je u kombinaciji sa <a href=\"\/hr\/smrekovit-obloga\/\" data-trp-gettext=\"\" target=\"_self\">Smrekovit oblogom<\/a>.<\/span><\/p>","protected":false},"excerpt":{"rendered":"<p class=\"translation-block\"><span style=\"font-weight: 400\">Smrekovit Klasik smrekovo mazilo potpuno je prirodno mazilo na masnoj osnovi koje proizvodimo od 1990. godine. Glavni sastojak je <a href=\"https:\/\/www.smrekovit.si\/hr\/smola-smreke\/\" target=\"_self\">smola smreke<\/a>, koja dubinski njeguje ko\u017eu te poti\u010de njezino djelovanje i mikrocirkulaciju.<\/span><\/p>\n<p><span style=\"font-weight: 400;\">\u2705 100 % prirodni sastojci<\/span><span style=\"font-weight: 400;\"><br \/>\n<\/span><span style=\"font-weight: 400;\"> \ud83c\udf43 85% iz ekolo\u0161ke poljoprivrede<\/span><span style=\"font-weight: 400;\"><br \/>\n<\/span><span style=\"font-weight: 400;\"> \ud83c\udf4f Organski certifikat<\/span><span style=\"font-weight: 400;\"><br \/>\n<\/span><span style=\"font-weight: 400;\"> \u267b\ufe0f Povratna ambala\u017ea<\/span><\/p>","protected":false},"featured_media":5523,"comment_status":"open","ping_status":"closed","template":"","meta":[],"product_brand":[],"product_cat":[19],"product_tag":[],"class_list":{"0":"post-2067","1":"product","2":"type-product","3":"status-publish","4":"has-post-thumbnail","6":"product_cat-mazila","8":"first","9":"instock","10":"taxable","11":"shipping-taxable","12":"purchasable","13":"product-type-variable","14":"has-default-attributes"},"_links":{"self":[{"href":"https:\/\/www.smrekovit.si\/hr\/wp-json\/wp\/v2\/product\/2067","targetHints":{"allow":["GET"]}}],"collection":[{"href":"https:\/\/www.smrekovit.si\/hr\/wp-json\/wp\/v2\/product"}],"about":[{"href":"https:\/\/www.smrekovit.si\/hr\/wp-json\/wp\/v2\/types\/product"}],"replies":[{"embeddable":true,"href":"https:\/\/www.smrekovit.si\/hr\/wp-json\/wp\/v2\/comments?post=2067"}],"wp:featuredmedia":[{"embeddable":true,"href":"https:\/\/www.smrekovit.si\/hr\/wp-json\/wp\/v2\/media\/5523"}],"wp:attachment":[{"href":"https:\/\/www.smrekovit.si\/hr\/wp-json\/wp\/v2\/media?parent=2067"}],"wp:term":[{"taxonomy":"product_brand","embeddable":true,"href":"https:\/\/www.smrekovit.si\/hr\/wp-json\/wp\/v2\/product_brand?post=2067"},{"taxonomy":"product_cat","embeddable":true,"href":"https:\/\/www.smrekovit.si\/hr\/wp-json\/wp\/v2\/product_cat?post=2067"},{"taxonomy":"product_tag","embeddable":true,"href":"https:\/\/www.smrekovit.si\/hr\/wp-json\/wp\/v2\/product_tag?post=2067"}],"curies":[{"name":"wp","href":"https:\/\/api.w.org\/{rel}","templated":true}]}}