{"id":2064,"date":"2025-07-25T12:29:55","date_gmt":"2025-07-25T12:29:55","guid":{"rendered":"https:\/\/smrekovit.local\/product\/smrekova-krema-s-hladilnim-ucinkom-smrekovit-ekstra-120-ml\/"},"modified":"2026-04-07T08:40:49","modified_gmt":"2026-04-07T06:40:49","slug":"smrekova-krema-365-ekstra","status":"publish","type":"product","link":"https:\/\/www.smrekovit.si\/hr\/trgovina\/smrekova-krema-365-ekstra\/","title":{"rendered":"Smrekovit 365 Ekstra \u2013 smrekova krema s u\u010dinkom hla\u0111enja"},"content":{"rendered":"<h2 data-start=\"505\" data-end=\"518\">O proizvodu<\/h2>\n<p data-start=\"520\" data-end=\"756\" class=\"translation-block\"><strong data-start=\"520\" data-end=\"548\">Smrekovit 365 Ekstra \u2013 krema<\/strong> prirodna je, nemasna smrekova krema oboga\u0107ena <strong data-start=\"600\" data-end=\"621\">kamforom i mentolom<\/strong> za ugodan u\u010dinak hla\u0111enja. Prikladna je za svakodnevnu upotrebu na podru\u010djima gdje \u017eelimo osje\u0107aj hla\u0111enja i opu\u0161tanja.<\/p>\n<p data-start=\"758\" data-end=\"929\">Sadr\u017ei visoku koncentraciju smole smreke, koja djeluje dubinski i poti\u010de mikrocirkulaciju ko\u017ee. Unato\u010d u\u010dinku hla\u0111enja ne sadr\u017ei sinteti\u010dke dodatke i brzo se upija.<\/p>","protected":false},"excerpt":{"rendered":"<p data-start=\"175\" data-end=\"345\" class=\"translation-block\">Prirodna smrekova krema s u\u010dinkom hla\u0111enja <strong data-start=\"218\" data-end=\"238\">kamfora i mentola<\/strong>, namijenjena njezi ko\u017ee i pobolj\u0161anju op\u0107eg osje\u0107aja ugode. Nemastna i brzo upijaju\u0107a, s sna\u017enim djelovanjem <a href=\"https:\/\/www.smrekovit.si\/hr\/smola-smreke\/\" target=\"_self\">smole smreke<\/a>.<\/p>\n<p data-start=\"347\" data-end=\"454\">\u2705 100 % prirodni sastojci<br data-start=\"372\" data-end=\"375\" \/>\ud83c\udf43 prete\u017eno iz organskog uzgoja<br data-start=\"404\" data-end=\"407\" \/>\u2744\ufe0f Hladilni u\u010dinak<br data-start=\"425\" data-end=\"428\" \/>\ud83c\udf4f Organski i veganski certificirano<\/p>","protected":false},"featured_media":5524,"comment_status":"open","ping_status":"closed","template":"","meta":[],"product_brand":[],"product_cat":[18],"product_tag":[],"class_list":{"0":"post-2064","1":"product","2":"type-product","3":"status-publish","4":"has-post-thumbnail","6":"product_cat-kreme","8":"first","9":"instock","10":"taxable","11":"shipping-taxable","12":"purchasable","13":"product-type-simple"},"_links":{"self":[{"href":"https:\/\/www.smrekovit.si\/hr\/wp-json\/wp\/v2\/product\/2064","targetHints":{"allow":["GET"]}}],"collection":[{"href":"https:\/\/www.smrekovit.si\/hr\/wp-json\/wp\/v2\/product"}],"about":[{"href":"https:\/\/www.smrekovit.si\/hr\/wp-json\/wp\/v2\/types\/product"}],"replies":[{"embeddable":true,"href":"https:\/\/www.smrekovit.si\/hr\/wp-json\/wp\/v2\/comments?post=2064"}],"wp:featuredmedia":[{"embeddable":true,"href":"https:\/\/www.smrekovit.si\/hr\/wp-json\/wp\/v2\/media\/5524"}],"wp:attachment":[{"href":"https:\/\/www.smrekovit.si\/hr\/wp-json\/wp\/v2\/media?parent=2064"}],"wp:term":[{"taxonomy":"product_brand","embeddable":true,"href":"https:\/\/www.smrekovit.si\/hr\/wp-json\/wp\/v2\/product_brand?post=2064"},{"taxonomy":"product_cat","embeddable":true,"href":"https:\/\/www.smrekovit.si\/hr\/wp-json\/wp\/v2\/product_cat?post=2064"},{"taxonomy":"product_tag","embeddable":true,"href":"https:\/\/www.smrekovit.si\/hr\/wp-json\/wp\/v2\/product_tag?post=2064"}],"curies":[{"name":"wp","href":"https:\/\/api.w.org\/{rel}","templated":true}]}}