{"id":2063,"date":"2025-07-25T12:29:54","date_gmt":"2025-07-25T12:29:54","guid":{"rendered":"https:\/\/smrekovit.local\/product\/smrekovit-obloga-17x24-cm\/"},"modified":"2026-04-10T10:21:58","modified_gmt":"2026-04-10T08:21:58","slug":"smrekovit-obloga","status":"publish","type":"product","link":"https:\/\/www.smrekovit.si\/hr\/trgovina\/smrekovit-obloga\/","title":{"rendered":"Smrekovit obloga"},"content":{"rendered":"<h2 data-start=\"475\" data-end=\"488\">O proizvodu<\/h2>\n<p data-start=\"490\" data-end=\"639\" class=\"translation-block\"><strong data-start=\"490\" data-end=\"510\">Smrekovit obloga<\/strong> namijenjena je upotrebi zajedno sa Smrekovit mazilima ili kremama za intenzivniji u\u010dinak. Djeluje kao <strong data-start=\"606\" data-end=\"634\">mekana, okluzijska obloga<\/strong> koja:<\/p>\n<ul data-start=\"641\" data-end=\"777\">\n<li data-start=\"641\" data-end=\"691\">\n<p data-start=\"643\" data-end=\"691\">produljuje vrijeme djelovanja smole smreke na ko\u017ei,<\/p>\n<\/li>\n<li data-start=\"692\" data-end=\"732\">\n<p data-start=\"694\" data-end=\"732\">sprje\u010dava brisanje mazila o odje\u0107u,<\/p>\n<\/li>\n<li data-start=\"733\" data-end=\"777\">\n<p data-start=\"735\" data-end=\"777\">omogu\u0107uje dulje no\u0161enje tijekom dana ili no\u0107u.<\/p>\n<\/li>\n<\/ul>\n<p data-start=\"779\" data-end=\"891\">Preporu\u010duje se osobito kod kroni\u010dnih tegoba gdje \u017eelimo dugotrajnije djelovanje.<\/p>\n<p>&nbsp;<\/p>","protected":false},"excerpt":{"rendered":"<p data-start=\"147\" data-end=\"293\" class=\"translation-block\">Vi\u0161ekratna tekstilna obloga za <strong data-start=\"184\" data-end=\"230\">intenzivnu primjenu <a href=\"https:\/\/www.smrekovit.si\/hr\/smrekova-mast\/\" target=\"_self\">smrekovih mazila<\/a> i <a href=\"https:\/\/www.smrekovit.si\/hr\/smrekova-krema\/\" target=\"_self\">krema<\/a><\/strong>. \nDjeluje kao okluzija i produ\u017euje djelovanje sastojaka na ko\u017ei.<\/p>\n<p data-start=\"295\" data-end=\"424\">\u2705 100 % prirodni materijali<br data-start=\"320\" data-end=\"323\" \/>\ud83d\udfe2 Za upotrebu s borovom ma\u0161\u0107u ili kremom<br data-start=\"366\" data-end=\"369\" \/>\u267b\ufe0f Periva i vi\u0161ekratna<br data-start=\"398\" data-end=\"401\" \/>\ud83d\udccf Veli\u010dina: 17 \u00d7 24 cm<\/p>","protected":false},"featured_media":5522,"comment_status":"open","ping_status":"closed","template":"","meta":[],"product_brand":[],"product_cat":[17],"product_tag":[],"class_list":{"0":"post-2063","1":"product","2":"type-product","3":"status-publish","4":"has-post-thumbnail","6":"product_cat-uncategorized","8":"first","9":"instock","10":"taxable","11":"shipping-taxable","12":"purchasable","13":"product-type-simple"},"_links":{"self":[{"href":"https:\/\/www.smrekovit.si\/hr\/wp-json\/wp\/v2\/product\/2063","targetHints":{"allow":["GET"]}}],"collection":[{"href":"https:\/\/www.smrekovit.si\/hr\/wp-json\/wp\/v2\/product"}],"about":[{"href":"https:\/\/www.smrekovit.si\/hr\/wp-json\/wp\/v2\/types\/product"}],"replies":[{"embeddable":true,"href":"https:\/\/www.smrekovit.si\/hr\/wp-json\/wp\/v2\/comments?post=2063"}],"wp:featuredmedia":[{"embeddable":true,"href":"https:\/\/www.smrekovit.si\/hr\/wp-json\/wp\/v2\/media\/5522"}],"wp:attachment":[{"href":"https:\/\/www.smrekovit.si\/hr\/wp-json\/wp\/v2\/media?parent=2063"}],"wp:term":[{"taxonomy":"product_brand","embeddable":true,"href":"https:\/\/www.smrekovit.si\/hr\/wp-json\/wp\/v2\/product_brand?post=2063"},{"taxonomy":"product_cat","embeddable":true,"href":"https:\/\/www.smrekovit.si\/hr\/wp-json\/wp\/v2\/product_cat?post=2063"},{"taxonomy":"product_tag","embeddable":true,"href":"https:\/\/www.smrekovit.si\/hr\/wp-json\/wp\/v2\/product_tag?post=2063"}],"curies":[{"name":"wp","href":"https:\/\/api.w.org\/{rel}","templated":true}]}}