{"id":2062,"date":"2025-07-25T12:29:54","date_gmt":"2025-07-25T12:29:54","guid":{"rendered":"https:\/\/smrekovit.local\/product\/product-5\/"},"modified":"2026-04-07T08:40:49","modified_gmt":"2026-04-07T06:40:49","slug":"oralni-sprej","status":"publish","type":"product","link":"https:\/\/www.smrekovit.si\/hr\/trgovina\/oralno-prsilo\/","title":{"rendered":"Smrekovit oralni sprej"},"content":{"rendered":"<h2 data-start=\"454\" data-end=\"467\">O proizvodu<\/h2>\n<p data-start=\"469\" data-end=\"647\" class=\"translation-block\"><strong>Smrekovit oralni sprej<\/strong> potpuno je prirodan proizvod od <a href=\"\/hr\/smola-smreke\/\" target=\"_blank\" rel=\"noopener\"><strong>smole smreke<\/strong><\/a>. Ima <strong>BIO<\/strong> i <strong>VEGAN certifikat<\/strong>. <strong>Smolu smreke<\/strong> koristili su na\u0161i preci tijekom rada u \u0161umi, kao i drevna naroda prije vi\u0161e od 7.000 godina te ameri\u010dki Indijanci. Raspr\u0161iva\u010d omogu\u0107uje precizno nano\u0161enje spreja na \u017eeljeno mjesto u usnoj \u0161upljini. Aroma naran\u010de ili mentola prikriva prirodnu gor\u010dinu <strong>smole smreke<\/strong>. Sve sastojke su potpuno prirodni. Proizvod je vrlo koristan kod mnogih tegoba u usnoj \u0161upljini.<\/p>\n<p data-start=\"649\" data-end=\"776\">Djeluje dezinfekcijski, osvje\u017eavaju\u0107e i njeguju\u0107e \u2013 idealanDjeluje dezinfekcijski, osvje\u017eavaju\u0107e i umiruju\u0107e \u2013 idealan pratitelj tijekom prehlade, ve\u0107e glasovne optere\u0107enosti ili suhog zraka.\n pratitelj u vrijeme prehlada, govornog optere\u0107enja ili suhog zraka.<\/p>\n<p data-start=\"778\" data-end=\"860\">Upotreba je brza i diskretna: raspr\u0161ite izravno u usta ili prema stra\u017enjem dijelu grla.<\/p>","protected":false},"excerpt":{"rendered":"<p data-start=\"128\" data-end=\"289\" class=\"translation-block\">Nat\u00fcrlicher Extrakt aus <a href=\"https:\/\/www.smrekovit.si\/hr\/smola-smreke\/\" target=\"_self\">Fichtenharz<\/a> in einem Spray f\u00fcr Mund- und Rachenraum. Ohne k\u00fcnstliche Zus\u00e4tze, mit nat\u00fcrlichen \u00e4therischen \u00d6len. Einfach anzuwenden und angenehm im Geschmack.<\/p>\n<p data-start=\"291\" data-end=\"403\">\u2705 100 % prirodnih sastojaka<br data-start=\"316\" data-end=\"319\" \/>\ud83c\udf43 Iz organske poljoprivrede<br data-start=\"343\" data-end=\"346\" \/>\ud83c\udf4f VEGAN certifikat<br data-start=\"365\" data-end=\"368\" \/>\ud83d\udca8 Koristite s raspr\u0161iva\u010dem, bez plina<\/p>","protected":false},"featured_media":5521,"comment_status":"open","ping_status":"closed","template":"","meta":[],"product_brand":[],"product_cat":[20],"product_tag":[],"class_list":{"0":"post-2062","1":"product","2":"type-product","3":"status-publish","4":"has-post-thumbnail","6":"product_cat-prsila","8":"first","9":"instock","10":"taxable","11":"shipping-taxable","12":"purchasable","13":"product-type-variable","14":"has-default-attributes"},"_links":{"self":[{"href":"https:\/\/www.smrekovit.si\/hr\/wp-json\/wp\/v2\/product\/2062","targetHints":{"allow":["GET"]}}],"collection":[{"href":"https:\/\/www.smrekovit.si\/hr\/wp-json\/wp\/v2\/product"}],"about":[{"href":"https:\/\/www.smrekovit.si\/hr\/wp-json\/wp\/v2\/types\/product"}],"replies":[{"embeddable":true,"href":"https:\/\/www.smrekovit.si\/hr\/wp-json\/wp\/v2\/comments?post=2062"}],"wp:featuredmedia":[{"embeddable":true,"href":"https:\/\/www.smrekovit.si\/hr\/wp-json\/wp\/v2\/media\/5521"}],"wp:attachment":[{"href":"https:\/\/www.smrekovit.si\/hr\/wp-json\/wp\/v2\/media?parent=2062"}],"wp:term":[{"taxonomy":"product_brand","embeddable":true,"href":"https:\/\/www.smrekovit.si\/hr\/wp-json\/wp\/v2\/product_brand?post=2062"},{"taxonomy":"product_cat","embeddable":true,"href":"https:\/\/www.smrekovit.si\/hr\/wp-json\/wp\/v2\/product_cat?post=2062"},{"taxonomy":"product_tag","embeddable":true,"href":"https:\/\/www.smrekovit.si\/hr\/wp-json\/wp\/v2\/product_tag?post=2062"}],"curies":[{"name":"wp","href":"https:\/\/api.w.org\/{rel}","templated":true}]}}