{"id":2059,"date":"2025-07-25T12:29:52","date_gmt":"2025-07-25T12:29:52","guid":{"rendered":"https:\/\/smrekovit.local\/product\/smrekovit-kapsule-50-prehransko-dopolnilo\/"},"modified":"2026-04-23T08:29:29","modified_gmt":"2026-04-23T06:29:29","slug":"smrekovit-kapsule","status":"publish","type":"product","link":"https:\/\/www.smrekovit.si\/hr\/trgovina\/smrekovit-kapsule\/","title":{"rendered":"Smrekovit Kapsule 48+ (prehransko dopolnilo)"},"content":{"rendered":"<h2 data-start=\"519\" data-end=\"532\">O proizvodu<\/h2>\n<p data-start=\"534\" data-end=\"825\" class=\"translation-block\"><strong>Smrekovit kapsule 50+<\/strong> dodatak su prehrani koji sadr\u017ei prirodni masni ekstrakt <strong>smole smreke<\/strong> u bio suncokretovom ulju. Na\u0161i su preci oduvijek koristili smolu smreke tijekom rada u \u0161umi, a koristila su je i drevna naroda prije tisu\u0107ama godina, uklju\u010duju\u0107i i ameri\u010dke Indijance.<\/p>\n<p data-start=\"534\" data-end=\"825\" class=\"translation-block\">Od 1990. koristili smo Smrekovit Klasik mast kod tegoba probavnog trakta, ali mnogima njezin okus nije odgovarao.<br>Zato smo razvili <strong>Smrekovit kapsule<\/strong>, koje omogu\u0107uju oralnu upotrebu smole smreke bez okusa.<\/p>","protected":false},"excerpt":{"rendered":"<p data-start=\"170\" data-end=\"356\" class=\"translation-block\">Kapsule sa <a href=\"https:\/\/www.smrekovit.si\/hr\/smola-smreke\/\" target=\"_self\"><strong>smolom smreke<\/strong><\/a> u suncokretovom ulju. Bez aditiva, s prirodnim biljnim sastojcima.<\/p>\n<p data-start=\"358\" data-end=\"468\">\u2705 100 % prirodnih sastojaka<br data-start=\"383\" data-end=\"386\" \/>\ud83c\udf43 prete\u017eno iz organskog uzgoja<br data-start=\"415\" data-end=\"418\" \/>\ud83c\udf4f VEGAN certifikat<br data-start=\"437\" data-end=\"440\" \/>\ud83d\udc9a Bez aditiva<\/p>","protected":false},"featured_media":5517,"comment_status":"open","ping_status":"closed","template":"","meta":[],"product_brand":[],"product_cat":[21],"product_tag":[],"class_list":{"0":"post-2059","1":"product","2":"type-product","3":"status-publish","4":"has-post-thumbnail","6":"product_cat-kapsule","8":"first","9":"instock","10":"taxable","11":"shipping-taxable","12":"purchasable","13":"product-type-simple"},"_links":{"self":[{"href":"https:\/\/www.smrekovit.si\/hr\/wp-json\/wp\/v2\/product\/2059","targetHints":{"allow":["GET"]}}],"collection":[{"href":"https:\/\/www.smrekovit.si\/hr\/wp-json\/wp\/v2\/product"}],"about":[{"href":"https:\/\/www.smrekovit.si\/hr\/wp-json\/wp\/v2\/types\/product"}],"replies":[{"embeddable":true,"href":"https:\/\/www.smrekovit.si\/hr\/wp-json\/wp\/v2\/comments?post=2059"}],"wp:featuredmedia":[{"embeddable":true,"href":"https:\/\/www.smrekovit.si\/hr\/wp-json\/wp\/v2\/media\/5517"}],"wp:attachment":[{"href":"https:\/\/www.smrekovit.si\/hr\/wp-json\/wp\/v2\/media?parent=2059"}],"wp:term":[{"taxonomy":"product_brand","embeddable":true,"href":"https:\/\/www.smrekovit.si\/hr\/wp-json\/wp\/v2\/product_brand?post=2059"},{"taxonomy":"product_cat","embeddable":true,"href":"https:\/\/www.smrekovit.si\/hr\/wp-json\/wp\/v2\/product_cat?post=2059"},{"taxonomy":"product_tag","embeddable":true,"href":"https:\/\/www.smrekovit.si\/hr\/wp-json\/wp\/v2\/product_tag?post=2059"}],"curies":[{"name":"wp","href":"https:\/\/api.w.org\/{rel}","templated":true}]}}