{"id":4354,"date":"2025-09-11T03:48:27","date_gmt":"2025-09-11T03:48:27","guid":{"rendered":"https:\/\/smrekovit.is\/?page_id=4354"},"modified":"2025-09-22T07:36:37","modified_gmt":"2025-09-22T05:36:37","slug":"smrekice-zvestobe","status":"publish","type":"page","link":"https:\/\/www.smrekovit.si\/en\/smrekice-zvestobe\/","title":{"rendered":"Smrekice loyalty points"},"content":{"rendered":"<div class=\"smrekice-wrapper\">\n  <div class=\"smrekice-header\">\n    <div class=\"smrekice-title\">\n      <img decoding=\"async\" src=\"https:\/\/www.smrekovit.si\/wp-content\/uploads\/2025\/09\/smrekica_zvestobe.svg\" alt=\"Smrekice\" \/>\n      <h1>Smrekice loyalty points<\/h1>\n    <\/div>\n\n    <div class=\"smrekice-alert\">\n      <p><strong>To benefit from the Smrekice loyalty programme, you must register and log in to your account.<\/strong><\/p>\n      <a class=\"button smrekice-cta\" href=\"\/en\/my-account\/\">Register or Login<\/a>\n    <\/div>\n\n    <p class=\"smrekice-subtitle\">Collect Smrekice for discounts on the following purchases<\/p>\n  <\/div>\n\n  <div class=\"smrekice-rules\">\n    <h3>How do I get a Smrekice?<\/h3>\n    <ul>\n      <li>For every \u20ac1 purchase, you will receive 10 Smrekic.<\/li>\n      <li>For submitting a comment under the blog article +100 Smrekic<\/li>\n      <li>For a product rating: +200 Smrekic.<\/li>\n      <li>For a Google rating: +200 Smrekic (please send us a short email after submission so we can link the rating to your account).<\/li>\n    <\/ul>\n\n    <h3>How do I redeem Smrekice?<\/h3>\n    <ul>\n      <li>100 Smrekice = \u20ac1 discount on your next purchase.<\/li>\n      <li>You can redeem Smrekice for up to 25% of the order value.<\/li>\n      <li>The bigger the purchase, the more Smrekice you can use at once.<\/li>\n      <li class=\"translation-block\"><strong>Example:<\/strong> If your order totals \u20ac40, you can redeem up to 1000 Smrekice (which equals a \u20ac10 discount).<\/li>\n      <li>To use the loyalty program, you must be logged into your account at the time of purchase (registered user).<\/li>\n      <li class=\"translation-block\">You can redeem Smrekice in the cart or during checkout by clicking the <em>Apply discount<\/em> button.<\/li>\n    <\/ul>\n  <\/div>\n<\/div>","protected":false},"excerpt":{"rendered":"<p>Smrekice zvestobe Za kori\u0161\u010denje programa zvestobe Smrekice je potrebna registracija in prijava v va\u0161 ra\u010dun. Registrirajte se ali prijavite Zbirajte Smrekice za popuste pri naslednjih nakupih Kako pridobim Smrekice? Za vsak 1 \u20ac nakupa prejmete 10 Smrekic. Za oddan komentar pod blog \u010dlankom +100 Smrekic Za oddano oceno izdelka: +200 Smrekic. Za Google oceno: +200 [&hellip;]<\/p>\n","protected":false},"author":2,"featured_media":0,"parent":0,"menu_order":0,"comment_status":"closed","ping_status":"closed","template":"","meta":{"footnotes":""},"class_list":["post-4354","page","type-page","status-publish","hentry"],"_links":{"self":[{"href":"https:\/\/www.smrekovit.si\/en\/wp-json\/wp\/v2\/pages\/4354","targetHints":{"allow":["GET"]}}],"collection":[{"href":"https:\/\/www.smrekovit.si\/en\/wp-json\/wp\/v2\/pages"}],"about":[{"href":"https:\/\/www.smrekovit.si\/en\/wp-json\/wp\/v2\/types\/page"}],"author":[{"embeddable":true,"href":"https:\/\/www.smrekovit.si\/en\/wp-json\/wp\/v2\/users\/2"}],"replies":[{"embeddable":true,"href":"https:\/\/www.smrekovit.si\/en\/wp-json\/wp\/v2\/comments?post=4354"}],"version-history":[{"count":12,"href":"https:\/\/www.smrekovit.si\/en\/wp-json\/wp\/v2\/pages\/4354\/revisions"}],"predecessor-version":[{"id":4645,"href":"https:\/\/www.smrekovit.si\/en\/wp-json\/wp\/v2\/pages\/4354\/revisions\/4645"}],"wp:attachment":[{"href":"https:\/\/www.smrekovit.si\/en\/wp-json\/wp\/v2\/media?parent=4354"}],"curies":[{"name":"wp","href":"https:\/\/api.w.org\/{rel}","templated":true}]}}