{"id":2063,"date":"2025-07-25T12:29:54","date_gmt":"2025-07-25T12:29:54","guid":{"rendered":"https:\/\/smrekovit.local\/product\/smrekovit-obloga-17x24-cm\/"},"modified":"2026-04-10T10:21:58","modified_gmt":"2026-04-10T08:21:58","slug":"smrekovit-kompresse","status":"publish","type":"product","link":"https:\/\/www.smrekovit.si\/de\/trgovina\/smrekovit-obloga\/","title":{"rendered":"Smrekovit kompresse"},"content":{"rendered":"<h2 data-start=\"475\" data-end=\"488\">\u00dcber das Produkt<\/h2>\n<p data-start=\"490\" data-end=\"639\" class=\"translation-block\"><strong data-start=\"490\" data-end=\"510\">Smrekovit-Kompresse<\/strong> ist f\u00fcr die Verwendung zusammen mit Smrekovit-Salben oder -Cremes gedacht, um eine intensivere Wirkung zu erzielen. Sie wirkt als <strong data-start=\"606\" data-end=\"634\">weiche, okklusive Kompresse<\/strong>, die:<\/p>\n<ul data-start=\"641\" data-end=\"777\">\n<li data-start=\"641\" data-end=\"691\">\n<p data-start=\"643\" data-end=\"691\">die Wirkungszeit des Fichtenharzes auf der Haut verl\u00e4ngert,<\/p>\n<\/li>\n<li data-start=\"692\" data-end=\"732\">\n<p data-start=\"694\" data-end=\"732\">verhindert, dass sich die Salbe in die Kleidung abreibt,<\/p>\n<\/li>\n<li data-start=\"733\" data-end=\"777\">\n<p data-start=\"735\" data-end=\"777\">erm\u00f6glicht l\u00e4ngeres Tragen tags\u00fcber oder w\u00e4hrend der Nacht.<\/p>\n<\/li>\n<\/ul>\n<p data-start=\"779\" data-end=\"891\">Sie wird besonders bei chronischen Beschwerden empfohlen, bei denen eine l\u00e4nger anhaltende Wirkung gew\u00fcnscht ist.<\/p>\n<p>&nbsp;<\/p>","protected":false},"excerpt":{"rendered":"<p data-start=\"147\" data-end=\"293\" class=\"translation-block\">Wiederverwendbare Textilkompresse f\u00fcr die <strong data-start=\"184\" data-end=\"230\">intensive Anwendung von <a href=\"https:\/\/www.smrekovit.si\/de\/fichtensalbe\/\" target=\"_self\">Fichtensalben<\/a> und <a href=\"https:\/\/www.smrekovit.si\/de\/fichtencreme\/\" target=\"_self\">Cremes<\/a><\/strong>. \nSie wirkt als Okklusion und verl\u00e4ngert die Wirkung der Inhaltsstoffe auf der Haut.<\/p>\n<p data-start=\"295\" data-end=\"424\">\u2705 100 % Nat\u00fcrliche Materialien<br data-start=\"320\" data-end=\"323\" \/>\ud83d\udfe2 Zur Verwendung mit Fichten\u00f6l oder Creme<br data-start=\"366\" data-end=\"369\" \/>\u267b\ufe0f Waschbar und wiederverwendbar<br data-start=\"398\" data-end=\"401\" \/>\ud83d\udccf Gr\u00f6\u00dfe: 17 \u00d7 24 cm<\/p>","protected":false},"featured_media":5522,"comment_status":"open","ping_status":"closed","template":"","meta":[],"product_brand":[],"product_cat":[17],"product_tag":[],"class_list":{"0":"post-2063","1":"product","2":"type-product","3":"status-publish","4":"has-post-thumbnail","6":"product_cat-uncategorized","8":"first","9":"instock","10":"taxable","11":"shipping-taxable","12":"purchasable","13":"product-type-simple"},"_links":{"self":[{"href":"https:\/\/www.smrekovit.si\/de\/wp-json\/wp\/v2\/product\/2063","targetHints":{"allow":["GET"]}}],"collection":[{"href":"https:\/\/www.smrekovit.si\/de\/wp-json\/wp\/v2\/product"}],"about":[{"href":"https:\/\/www.smrekovit.si\/de\/wp-json\/wp\/v2\/types\/product"}],"replies":[{"embeddable":true,"href":"https:\/\/www.smrekovit.si\/de\/wp-json\/wp\/v2\/comments?post=2063"}],"wp:featuredmedia":[{"embeddable":true,"href":"https:\/\/www.smrekovit.si\/de\/wp-json\/wp\/v2\/media\/5522"}],"wp:attachment":[{"href":"https:\/\/www.smrekovit.si\/de\/wp-json\/wp\/v2\/media?parent=2063"}],"wp:term":[{"taxonomy":"product_brand","embeddable":true,"href":"https:\/\/www.smrekovit.si\/de\/wp-json\/wp\/v2\/product_brand?post=2063"},{"taxonomy":"product_cat","embeddable":true,"href":"https:\/\/www.smrekovit.si\/de\/wp-json\/wp\/v2\/product_cat?post=2063"},{"taxonomy":"product_tag","embeddable":true,"href":"https:\/\/www.smrekovit.si\/de\/wp-json\/wp\/v2\/product_tag?post=2063"}],"curies":[{"name":"wp","href":"https:\/\/api.w.org\/{rel}","templated":true}]}}