{"id":2062,"date":"2025-07-25T12:29:54","date_gmt":"2025-07-25T12:29:54","guid":{"rendered":"https:\/\/smrekovit.local\/product\/product-5\/"},"modified":"2026-04-07T08:40:49","modified_gmt":"2026-04-07T06:40:49","slug":"mundspray","status":"publish","type":"product","link":"https:\/\/www.smrekovit.si\/de\/trgovina\/oralno-prsilo\/","title":{"rendered":"Smrekovit-Mundspray"},"content":{"rendered":"<h2 data-start=\"454\" data-end=\"467\">\u00dcber das Produkt<\/h2>\n<p data-start=\"469\" data-end=\"647\" class=\"translation-block\"><strong>Smrekovit Mundspray<\/strong> ist ein vollst\u00e4ndig nat\u00fcrliches Produkt aus <a href=\"\/de\/fichtenharz\/\" target=\"_blank\" rel=\"noopener\"><strong>Fichtenharz<\/strong><\/a>. Es tr\u00e4gt sowohl das <strong>BIO<\/strong>- als auch das <strong>VEGAN-Zertifikat<\/strong>. <strong>Fichtenharz<\/strong> wurde bereits von unseren Vorfahren bei der Arbeit im Wald verwendet, ebenso von alten Kulturen vor mehr als 7.000 Jahren und von amerikanischen Ureinwohnern. Die Spr\u00fchd\u00fcse erm\u00f6glicht ein gezieltes Auftragen an die gew\u00fcnschte Stelle im Mundraum. Orangengeschmack oder Menthol \u00fcberdecken den bitteren Geschmack von <strong>Fichtenharz<\/strong>. Alle Inhaltsstoffe sind nat\u00fcrlich. Das Produkt ist sehr hilfreich bei vielen Problemen im Mundraum.<\/p>\n<p data-start=\"649\" data-end=\"776\">Wirkt reinigend, erfrischend und pflegend \u2013 der ideale Begleiter bei Erk\u00e4ltungen, starker Stimmbelastung oder trockener Luft.<\/p>\n<p data-start=\"778\" data-end=\"860\">Die Anwendung ist schnell und unauff\u00e4llig: direkt in den Mund oder auf den hinteren Rachenbereich spr\u00fchen.<\/p>","protected":false},"excerpt":{"rendered":"<p data-start=\"128\" data-end=\"289\" class=\"translation-block\">Nat\u00fcrlicher Extrakt aus <a href=\"https:\/\/www.smrekovit.si\/de\/fichtenharz\/\" target=\"_self\">Fichtenharz<\/a> in einem Spray f\u00fcr Mund- und Rachenraum. Ohne k\u00fcnstliche Zus\u00e4tze, mit nat\u00fcrlichen \u00e4therischen \u00d6len. Einfach anzuwenden und angenehm im Geschmack.<\/p>\n<p data-start=\"291\" data-end=\"403\">\u2705 100 % nat\u00fcrliche Inhaltsstoffe<br data-start=\"316\" data-end=\"319\" \/>\ud83c\udf43 Aus \u00f6kologischem Anbau<br data-start=\"343\" data-end=\"346\" \/>\ud83c\udf4f VEGAN-Zertifikat<br data-start=\"365\" data-end=\"368\" \/>\ud83d\udca8 Anwendung mit Spr\u00fchflasche, ohne Gas<\/p>","protected":false},"featured_media":5521,"comment_status":"open","ping_status":"closed","template":"","meta":[],"product_brand":[],"product_cat":[20],"product_tag":[],"class_list":{"0":"post-2062","1":"product","2":"type-product","3":"status-publish","4":"has-post-thumbnail","6":"product_cat-prsila","8":"first","9":"instock","10":"taxable","11":"shipping-taxable","12":"purchasable","13":"product-type-variable","14":"has-default-attributes"},"_links":{"self":[{"href":"https:\/\/www.smrekovit.si\/de\/wp-json\/wp\/v2\/product\/2062","targetHints":{"allow":["GET"]}}],"collection":[{"href":"https:\/\/www.smrekovit.si\/de\/wp-json\/wp\/v2\/product"}],"about":[{"href":"https:\/\/www.smrekovit.si\/de\/wp-json\/wp\/v2\/types\/product"}],"replies":[{"embeddable":true,"href":"https:\/\/www.smrekovit.si\/de\/wp-json\/wp\/v2\/comments?post=2062"}],"wp:featuredmedia":[{"embeddable":true,"href":"https:\/\/www.smrekovit.si\/de\/wp-json\/wp\/v2\/media\/5521"}],"wp:attachment":[{"href":"https:\/\/www.smrekovit.si\/de\/wp-json\/wp\/v2\/media?parent=2062"}],"wp:term":[{"taxonomy":"product_brand","embeddable":true,"href":"https:\/\/www.smrekovit.si\/de\/wp-json\/wp\/v2\/product_brand?post=2062"},{"taxonomy":"product_cat","embeddable":true,"href":"https:\/\/www.smrekovit.si\/de\/wp-json\/wp\/v2\/product_cat?post=2062"},{"taxonomy":"product_tag","embeddable":true,"href":"https:\/\/www.smrekovit.si\/de\/wp-json\/wp\/v2\/product_tag?post=2062"}],"curies":[{"name":"wp","href":"https:\/\/api.w.org\/{rel}","templated":true}]}}