{"id":2058,"date":"2025-07-25T12:29:52","date_gmt":"2025-07-25T12:29:52","guid":{"rendered":"https:\/\/smrekovit.local\/product\/smrekovit-365-alter-120-ml\/"},"modified":"2026-05-01T20:44:26","modified_gmt":"2026-05-01T18:44:26","slug":"weihrauchharz-creme-365-alter","status":"publish","type":"product","link":"https:\/\/www.smrekovit.si\/de\/trgovina\/krema-s-smolo-bosvelije-365-alter\/","title":{"rendered":"Smrekovit 365 Alter - Creme mit Boswelliaharz"},"content":{"rendered":"<h2 data-start=\"530\" data-end=\"543\">\u00dcber das Produkt<\/h2>\n<p data-start=\"545\" data-end=\"774\" class=\"translation-block\"><strong>Smrekovit 365 Alter<\/strong> ist eine nat\u00fcrliche Creme mit <strong>Boswelliaharz<\/strong>, das \u00e4hnlich wirkt wie Nadelbaumharz, jedoch von Personen mit Empfindlichkeit gegen\u00fcber Fichtenharz besser vertragen wird. 100 % nat\u00fcrliche Zusammensetzung, \u00fcberwiegend aus biologisch angebauten Zutaten.<\/p>\n<p data-start=\"776\" data-end=\"916\">Die Creme zieht schnell ein, ist nicht fettend und wirkt in der Tiefe \u2013 sie pflegt die Haut, unterst\u00fctzt ihre Funktion, f\u00f6rdert die Durchblutung und st\u00e4rkt ihre nat\u00fcrlichen Abwehrmechanismen.<\/p>\n<p data-start=\"918\" data-end=\"1017\">Boswellia ist f\u00fcr ihre wohltuenden Eigenschaften bekannt und wird seit Langem in der Naturheilkunde verwendet.<\/p>","protected":false},"excerpt":{"rendered":"<p data-start=\"169\" data-end=\"345\" class=\"translation-block\">Eine vollkommen nat\u00fcrliche Creme mit <a href=\"https:\/\/www.smrekovit.si\/de\/weihrauch\/\" target=\"_self\">Boswelliaharz<\/a> statt Nadelbaumharz. Eine ausgezeichnete Wahl f\u00fcr alle, die empfindlich auf Fichtenharz reagieren. Schnell einziehend, nicht fettend und mit starker Wirkung.<\/p>\n<p data-start=\"347\" data-end=\"479\">\u2705 100 % nat\u00fcrliche Inhaltsstoffe<br data-start=\"372\" data-end=\"375\" \/>\ud83c\udf43 \u00fcberwiegend aus \u00f6kologischem Anbau<br data-start=\"404\" data-end=\"407\" \/>\ud83c\udf4f BIO- und VEGAN-Zertifikat<br data-start=\"433\" data-end=\"436\" \/>\ud83c\udf3f Boswellia als Alternative zu Nadelharz<\/p>","protected":false},"featured_media":5525,"comment_status":"open","ping_status":"closed","template":"","meta":[],"product_brand":[],"product_cat":[18],"product_tag":[],"class_list":{"0":"post-2058","1":"product","2":"type-product","3":"status-publish","4":"has-post-thumbnail","6":"product_cat-kreme","8":"first","9":"instock","10":"taxable","11":"shipping-taxable","12":"purchasable","13":"product-type-simple"},"_links":{"self":[{"href":"https:\/\/www.smrekovit.si\/de\/wp-json\/wp\/v2\/product\/2058","targetHints":{"allow":["GET"]}}],"collection":[{"href":"https:\/\/www.smrekovit.si\/de\/wp-json\/wp\/v2\/product"}],"about":[{"href":"https:\/\/www.smrekovit.si\/de\/wp-json\/wp\/v2\/types\/product"}],"replies":[{"embeddable":true,"href":"https:\/\/www.smrekovit.si\/de\/wp-json\/wp\/v2\/comments?post=2058"}],"wp:featuredmedia":[{"embeddable":true,"href":"https:\/\/www.smrekovit.si\/de\/wp-json\/wp\/v2\/media\/5525"}],"wp:attachment":[{"href":"https:\/\/www.smrekovit.si\/de\/wp-json\/wp\/v2\/media?parent=2058"}],"wp:term":[{"taxonomy":"product_brand","embeddable":true,"href":"https:\/\/www.smrekovit.si\/de\/wp-json\/wp\/v2\/product_brand?post=2058"},{"taxonomy":"product_cat","embeddable":true,"href":"https:\/\/www.smrekovit.si\/de\/wp-json\/wp\/v2\/product_cat?post=2058"},{"taxonomy":"product_tag","embeddable":true,"href":"https:\/\/www.smrekovit.si\/de\/wp-json\/wp\/v2\/product_tag?post=2058"}],"curies":[{"name":"wp","href":"https:\/\/api.w.org\/{rel}","templated":true}]}}